{"id":964,"date":"2025-12-04T09:16:26","date_gmt":"2025-12-04T08:16:26","guid":{"rendered":"https:\/\/finafilms.com\/declaracion-de-accesibilidad\/"},"modified":"2025-12-04T09:16:26","modified_gmt":"2025-12-04T08:16:26","slug":"declaracion-de-accesibilidad","status":"publish","type":"page","link":"https:\/\/finafilms.com\/es\/declaracion-de-accesibilidad\/","title":{"rendered":"Declaraci\u00f3n de accesibilidad"},"content":{"rendered":"\r\n\r\n<h1>Desclaraci\u00f3n de accesibilidad<\/h1><p>Carles Seuba Capdevila\u00a0se compromete en hacer accesible su sitio web de conformidad con el\u00a0 <a href='https:\/\/www.boe.es\/eli\/es\/rd\/2018\/09\/07\/1112'>Real Decreto 1112\/2018<\/a>, de 7 de septiembre, sobre accesibilidad de los sitios web y aplicaciones para dispositivos m\u00f3viles del sector p\u00fablico.<\/p>\r\n<p>La presente declaraci\u00f3n de accesibilidad se aplica al presente sitio web.<\/p>\r\n<h2>Situaci\u00f3n de cumplimiento<\/h2>\r\n<p>Este sitio web es plenamente conforme con el RD 1112\/2018.<\/p>\r\n<h2>Contenido no accesible<\/h2>\r\n<p>El contenido que se recoge a continuaci\u00f3n no es accesible por lo siguiente:<\/p>\r\n<p><strong>Falta de conformidad con el RD 1112\/2018<\/strong><\/p>\r\n<p>Se puede encontrar a\u00fan anidamientos incorrectos de etiquetas.<\/p>\r\n<p>Podr\u00edan existir fallos puntuales de edici\u00f3n en la p\u00e1gina web.<\/p>\r\n<p><strong>Carga desproporcionada<\/strong><\/p>\r\n<p>No aplica.<\/p>\r\n<h2>Preparaci\u00f3n de la presente declaraci\u00f3n de accesibilidad<\/h2>\r\n<p>La presente declaraci\u00f3n fue preparada el 05 de Mayo de 2023.<\/p>\r\n<p>El m\u00e9todo empleado para preparar la declaraci\u00f3n ha sido una autoevaluaci\u00f3n llevada a cabo por la propia empresa.<\/p>\r\n<h2>Observaciones y datos de contacto<\/h2>\r\n<p>Puede realizar comunicaciones sobre requisitos de accesibilidad (art\u00edculo 10.2.a) del RD 1112\/2018) como por ejemplo:<\/p>\r\n<p>\u00a0<\/p>\r\n<ul>\r\n<li>Informar sobre cualquier posible incumplimiento por parte de este sitio web.<\/li>\r\n<li>Transmitir otras dificultades de acceso al contenido.<\/li>\r\n<li>Formular cualquier otra consulta o sugerencia de mejora relativa a la accesibilidad del sitio web.<\/li>\r\n<\/ul>\r\n<p>A trav\u00e9s de nuestro formulario de contacto, por tel\u00e9fono o de manera presencial en nuestra sede.<\/p>\r\n<p>Las comunicaciones, quejas y solicitudes de informaci\u00f3n accesible ser\u00e1n recibidas y tratadas por nuestro equipo.<\/p>\n","protected":false},"excerpt":{"rendered":"","protected":false},"author":3,"featured_media":0,"parent":0,"menu_order":0,"comment_status":"closed","ping_status":"closed","template":"","meta":{"footnotes":""},"class_list":["post-964","page","type-page","status-publish","hentry"],"yoast_head":"<!-- This site is optimized with the Yoast SEO plugin v27.0 - https:\/\/yoast.com\/product\/yoast-seo-wordpress\/ -->\n<title>Declaraci\u00f3n de accesibilidad - FinaFilms<\/title>\n<meta name=\"robots\" content=\"noindex, nofollow\" \/>\n<meta property=\"og:locale\" content=\"es_ES\" \/>\n<meta property=\"og:type\" content=\"article\" \/>\n<meta property=\"og:title\" content=\"Declaraci\u00f3n de accesibilidad - FinaFilms\" \/>\n<meta property=\"og:url\" content=\"https:\/\/finafilms.com\/es\/declaracion-de-accesibilidad\/\" \/>\n<meta property=\"og:site_name\" content=\"FinaFilms\" \/>\n<meta name=\"twitter:card\" content=\"summary_large_image\" \/>\n<script type=\"application\/ld+json\" class=\"yoast-schema-graph\">{\"@context\":\"https:\/\/schema.org\",\"@graph\":[{\"@type\":\"WebPage\",\"@id\":\"https:\/\/finafilms.com\/es\/declaracion-de-accesibilidad\/\",\"url\":\"https:\/\/finafilms.com\/es\/declaracion-de-accesibilidad\/\",\"name\":\"Declaraci\u00f3n de accesibilidad - FinaFilms\",\"isPartOf\":{\"@id\":\"https:\/\/finafilms.com\/es\/#website\"},\"datePublished\":\"2025-12-04T08:16:26+00:00\",\"breadcrumb\":{\"@id\":\"https:\/\/finafilms.com\/es\/declaracion-de-accesibilidad\/#breadcrumb\"},\"inLanguage\":\"es\",\"potentialAction\":[{\"@type\":\"ReadAction\",\"target\":[\"https:\/\/finafilms.com\/es\/declaracion-de-accesibilidad\/\"]}]},{\"@type\":\"BreadcrumbList\",\"@id\":\"https:\/\/finafilms.com\/es\/declaracion-de-accesibilidad\/#breadcrumb\",\"itemListElement\":[{\"@type\":\"ListItem\",\"position\":1,\"name\":\"Inici\",\"item\":\"https:\/\/finafilms.com\/es\/\"},{\"@type\":\"ListItem\",\"position\":2,\"name\":\"Declaraci\u00f3n de accesibilidad\"}]},{\"@type\":\"WebSite\",\"@id\":\"https:\/\/finafilms.com\/es\/#website\",\"url\":\"https:\/\/finafilms.com\/es\/\",\"name\":\"FinaFilms\",\"description\":\"Fina films Productora catalana independent de documentals i ficci\u00f3\",\"potentialAction\":[{\"@type\":\"SearchAction\",\"target\":{\"@type\":\"EntryPoint\",\"urlTemplate\":\"https:\/\/finafilms.com\/es\/?s={search_term_string}\"},\"query-input\":{\"@type\":\"PropertyValueSpecification\",\"valueRequired\":true,\"valueName\":\"search_term_string\"}}],\"inLanguage\":\"es\"}]}<\/script>\n<!-- \/ Yoast SEO plugin. -->","yoast_head_json":{"title":"Declaraci\u00f3n de accesibilidad - FinaFilms","robots":{"index":"noindex","follow":"nofollow"},"og_locale":"es_ES","og_type":"article","og_title":"Declaraci\u00f3n de accesibilidad - FinaFilms","og_url":"https:\/\/finafilms.com\/es\/declaracion-de-accesibilidad\/","og_site_name":"FinaFilms","twitter_card":"summary_large_image","schema":{"@context":"https:\/\/schema.org","@graph":[{"@type":"WebPage","@id":"https:\/\/finafilms.com\/es\/declaracion-de-accesibilidad\/","url":"https:\/\/finafilms.com\/es\/declaracion-de-accesibilidad\/","name":"Declaraci\u00f3n de accesibilidad - FinaFilms","isPartOf":{"@id":"https:\/\/finafilms.com\/es\/#website"},"datePublished":"2025-12-04T08:16:26+00:00","breadcrumb":{"@id":"https:\/\/finafilms.com\/es\/declaracion-de-accesibilidad\/#breadcrumb"},"inLanguage":"es","potentialAction":[{"@type":"ReadAction","target":["https:\/\/finafilms.com\/es\/declaracion-de-accesibilidad\/"]}]},{"@type":"BreadcrumbList","@id":"https:\/\/finafilms.com\/es\/declaracion-de-accesibilidad\/#breadcrumb","itemListElement":[{"@type":"ListItem","position":1,"name":"Inici","item":"https:\/\/finafilms.com\/es\/"},{"@type":"ListItem","position":2,"name":"Declaraci\u00f3n de accesibilidad"}]},{"@type":"WebSite","@id":"https:\/\/finafilms.com\/es\/#website","url":"https:\/\/finafilms.com\/es\/","name":"FinaFilms","description":"Fina films Productora catalana independent de documentals i ficci\u00f3","potentialAction":[{"@type":"SearchAction","target":{"@type":"EntryPoint","urlTemplate":"https:\/\/finafilms.com\/es\/?s={search_term_string}"},"query-input":{"@type":"PropertyValueSpecification","valueRequired":true,"valueName":"search_term_string"}}],"inLanguage":"es"}]}},"_links":{"self":[{"href":"https:\/\/finafilms.com\/es\/wp-json\/wp\/v2\/pages\/964","targetHints":{"allow":["GET"]}}],"collection":[{"href":"https:\/\/finafilms.com\/es\/wp-json\/wp\/v2\/pages"}],"about":[{"href":"https:\/\/finafilms.com\/es\/wp-json\/wp\/v2\/types\/page"}],"author":[{"embeddable":true,"href":"https:\/\/finafilms.com\/es\/wp-json\/wp\/v2\/users\/3"}],"replies":[{"embeddable":true,"href":"https:\/\/finafilms.com\/es\/wp-json\/wp\/v2\/comments?post=964"}],"version-history":[{"count":0,"href":"https:\/\/finafilms.com\/es\/wp-json\/wp\/v2\/pages\/964\/revisions"}],"wp:attachment":[{"href":"https:\/\/finafilms.com\/es\/wp-json\/wp\/v2\/media?parent=964"}],"curies":[{"name":"wp","href":"https:\/\/api.w.org\/{rel}","templated":true}]}}