{"id":966,"date":"2025-12-04T09:16:37","date_gmt":"2025-12-04T08:16:37","guid":{"rendered":"https:\/\/finafilms.com\/finafilms-de-tu-a-tu\/"},"modified":"2025-12-04T09:16:37","modified_gmt":"2025-12-04T08:16:37","slug":"finafilms-de-tu-a-tu","status":"publish","type":"page","link":"https:\/\/finafilms.com\/es\/finafilms-de-tu-a-tu\/","title":{"rendered":"Finafilms, de t\u00fa a t\u00fa"},"content":{"rendered":"<div  class='flex_column av-5vp35-26fd42ef18bfb7555004947df9363d01 av_one_full  avia-builder-el-0  el_before_av_hr  avia-builder-el-first  first flex_column_div  '     ><p>\n<style type=\"text\/css\" data-created_by=\"avia_inline_auto\" id=\"style-css-av-19jnq1-84c59cfad69f78184d487de467034bd3\">\n#top .av-special-heading.av-19jnq1-84c59cfad69f78184d487de467034bd3{\npadding-bottom:10px;\n}\nbody .av-special-heading.av-19jnq1-84c59cfad69f78184d487de467034bd3 .av-special-heading-tag .heading-char{\nfont-size:25px;\n}\n.av-special-heading.av-19jnq1-84c59cfad69f78184d487de467034bd3 .av-subheading{\nfont-size:15px;\n}\n<\/style>\n<div  class='av-special-heading av-19jnq1-84c59cfad69f78184d487de467034bd3 av-special-heading-h1 blockquote modern-quote modern-centered  avia-builder-el-1  el_before_av_hr  avia-builder-el-first '><div class='av-subheading av-subheading_above'><p>Finafilms<\/p>\n<\/div><h1 class='av-special-heading-tag '  itemprop=\"headline\"  >De tu a tu<\/h1><div class=\"special-heading-border\"><div class=\"special-heading-inner-border\"><\/div><\/div><\/div><br \/>\n\n<style type=\"text\/css\" data-created_by=\"avia_inline_auto\" id=\"style-css-av-156egh-880a44767ae2b6d03f5f601a6fe361c9\">\n#top .hr.hr-invisible.av-156egh-880a44767ae2b6d03f5f601a6fe361c9{\nheight:60px;\n}\n<\/style>\n<div  class='hr av-156egh-880a44767ae2b6d03f5f601a6fe361c9 hr-invisible  avia-builder-el-2  el_after_av_heading  avia-builder-el-last '><span class='hr-inner '><span class=\"hr-inner-style\"><\/span><\/span><\/div><\/p><\/div>\n\n<style type=\"text\/css\" data-created_by=\"avia_inline_auto\" id=\"style-css-av-zb7u1-e6044cdc0badc4cd03e81810018b3c02\">\n#top .hr.hr-invisible.av-zb7u1-e6044cdc0badc4cd03e81810018b3c02{\nheight:60px;\n}\n<\/style>\n<div  class='hr av-zb7u1-e6044cdc0badc4cd03e81810018b3c02 hr-invisible  avia-builder-el-3  el_after_av_one_full  el_before_av_one_half '><span class='hr-inner '><span class=\"hr-inner-style\"><\/span><\/span><\/div>\n<div  class='flex_column av-oxtpd-618e8f57636832a297535204a92beaf2 av_one_half  avia-builder-el-4  el_after_av_hr  el_before_av_one_half  first flex_column_div  '     ><p>\n<style type=\"text\/css\" data-created_by=\"avia_inline_auto\" id=\"style-css-av-llspt-13613ad5b511ab09ea0aa5c63156a9fc\">\n#top .hr.hr-invisible.av-llspt-13613ad5b511ab09ea0aa5c63156a9fc{\nheight:20px;\n}\n<\/style>\n<div  class='hr av-llspt-13613ad5b511ab09ea0aa5c63156a9fc hr-invisible  avia-builder-el-5  el_before_av_image  avia-builder-el-first  av-medium-hide av-small-hide av-mini-hide'><span class='hr-inner '><span class=\"hr-inner-style\"><\/span><\/span><\/div><br \/>\n\n<style type=\"text\/css\" data-created_by=\"avia_inline_auto\" id=\"style-css-av-mhbq3fgw-a4e8337901899b665e4e5bcf404ec933\">\n.avia-image-container.av-mhbq3fgw-a4e8337901899b665e4e5bcf404ec933 img.avia_image{\nbox-shadow:none;\n}\n.avia-image-container.av-mhbq3fgw-a4e8337901899b665e4e5bcf404ec933 .av-image-caption-overlay-center{\ncolor:#ffffff;\n}\n<\/style>\n<div  class='avia-image-container av-mhbq3fgw-a4e8337901899b665e4e5bcf404ec933 av-styling- avia-align-center  avia-builder-el-6  el_after_av_hr  avia-builder-el-last '   itemprop=\"image\" itemscope=\"itemscope\" itemtype=\"https:\/\/schema.org\/ImageObject\" ><div class=\"avia-image-container-inner\"><div class=\"avia-image-overlay-wrap\"><img decoding=\"async\" fetchpriority=\"high\" class='wp-image-992 avia-img-lazy-loading-not-992 avia_image ' src=\"https:\/\/finafilms.com\/wp-content\/uploads\/2025\/10\/pre-produccio-700x700.jpg\" alt='Palabras cruzadas' title='Palabras cruzadas'  height=\"700\" width=\"700\"  itemprop=\"thumbnailUrl\" srcset=\"https:\/\/finafilms.com\/wp-content\/uploads\/2025\/10\/pre-produccio-700x700.jpg 700w, https:\/\/finafilms.com\/wp-content\/uploads\/2025\/10\/pre-produccio-80x80.jpg 80w, https:\/\/finafilms.com\/wp-content\/uploads\/2025\/10\/pre-produccio-36x36.jpg 36w\" sizes=\"(max-width: 700px) 100vw, 700px\" \/><\/div><\/div><\/div><\/p><\/div>\n<div  class='flex_column av-e58i9-321d51166dd305219b68b43b45f02aea av_one_half  avia-builder-el-7  el_after_av_one_half  el_before_av_postcontent  avia-builder-el-last  flex_column_div  '     ><p>\n<style type=\"text\/css\" data-created_by=\"avia_inline_auto\" id=\"style-css-av-mhbq1jz2-dad07b49c08b2299382e64c2f61e42ad\">\n#top .av-special-heading.av-mhbq1jz2-dad07b49c08b2299382e64c2f61e42ad{\npadding-bottom:10px;\n}\nbody .av-special-heading.av-mhbq1jz2-dad07b49c08b2299382e64c2f61e42ad .av-special-heading-tag .heading-char{\nfont-size:25px;\n}\n.av-special-heading.av-mhbq1jz2-dad07b49c08b2299382e64c2f61e42ad .av-subheading{\nfont-size:15px;\n}\n<\/style>\n<div  class='av-special-heading av-mhbq1jz2-dad07b49c08b2299382e64c2f61e42ad av-special-heading-h2 blockquote modern-quote  avia-builder-el-8  el_before_av_textblock  avia-builder-el-first '><h2 class='av-special-heading-tag '  itemprop=\"headline\"  >S\u00e8ries documentals amb mirada pr\u00f2pia<\/h2><div class=\"special-heading-border\"><div class=\"special-heading-inner-border\"><\/div><\/div><\/div><br \/>\n<section  class='av_textblock_section av-mhbq0w07-c47223a0cd2e97bded9fc635e9d131f2 '   itemscope=\"itemscope\" itemtype=\"https:\/\/schema.org\/CreativeWork\" ><div class='avia_textblock'  itemprop=\"text\" ><p>Fina Films impulsa series documentales de <strong>8 a 10 cap\u00edtulos por temporada<\/strong>, con una duraci\u00f3n aproximada de <strong>10 minutos por episodio<\/strong>.<\/p>\n<p>Cada a\u00f1o se estrenar\u00e1n nuevas temporadas con tem\u00e1ticas elegidas por los mecenas, que podr\u00e1n elegir entre diversas propuestas.<\/p>\n<p>El objetivo es dar voz a <strong>temas poco visibles o silenciados<\/strong>, aquellos que a menudo se pasan por alto, pero que son esenciales para entender nuestro mundo.<\/p>\n<blockquote>\n<p>\u00abTemas de los que no se suele hablar, temas tapados&#8230; Rumores, sospechas&#8230; \u00bfPor qu\u00e9 no poner el dedo en la llaga? \u00bfIr m\u00e1s all\u00e1 del rumor? Hasta el final, si se puede o&#8230; si te dejan.\u00bb<\/p>\n<\/blockquote>\n<\/div><\/section><br \/>\n\n<style type=\"text\/css\" data-created_by=\"avia_inline_auto\" id=\"style-css-av-7gk5l-dbb48a9cef562b98243fb94ba9979e3c\">\n#top .av-special-heading.av-7gk5l-dbb48a9cef562b98243fb94ba9979e3c{\npadding-bottom:10px;\n}\nbody .av-special-heading.av-7gk5l-dbb48a9cef562b98243fb94ba9979e3c .av-special-heading-tag .heading-char{\nfont-size:25px;\n}\n.av-special-heading.av-7gk5l-dbb48a9cef562b98243fb94ba9979e3c .av-subheading{\nfont-size:15px;\n}\n<\/style>\n<div  class='av-special-heading av-7gk5l-dbb48a9cef562b98243fb94ba9979e3c av-special-heading-h2 blockquote modern-quote  avia-builder-el-10  el_after_av_textblock  avia-builder-el-last '><h2 class='av-special-heading-tag '  itemprop=\"headline\"  >S\u00e8ries documentals amb mirada pr\u00f2pia<\/h2><div class=\"special-heading-border\"><div class=\"special-heading-inner-border\"><\/div><\/div><\/div><\/p><\/div>\n[av_section min_height='' min_height_pc='25' min_height_px='500px' shadow='no-border-styling' bottom_border='no-border-styling' bottom_border_diagonal_color='#333333' bottom_border_diagonal_direction='' bottom_border_style='' padding='default' custom_margin='0px' custom_margin_sync='true' av-desktop-custom_margin='' av-desktop-custom_margin_sync='true' av-medium-custom_margin='' av-medium-custom_margin_sync='true' av-small-custom_margin='' av-small-custom_margin_sync='true' av-mini-custom_margin='' av-mini-custom_margin_sync='true' svg_div_top='' svg_div_top_color='#333333' svg_div_top_width='100' svg_div_top_height='50' svg_div_top_max_height='none' svg_div_top_opacity='' svg_div_bottom='' svg_div_bottom_color='#333333' svg_div_bottom_width='100' svg_div_bottom_height='50' svg_div_bottom_max_height='none' svg_div_bottom_opacity='' fold_type='' fold_height='' fold_more='Llegir m\u00e9s' fold_less='Read less' fold_text_style='' fold_btn_align='' color='main_color' background='bg_color' custom_bg='' background_gradient_direction='vertical' background_gradient_color1='#000000' background_gradient_color2='#ffffff' background_gradient_color3='' src='' attachment='' attachment_size='' src_dynamic='' attach='scroll' position='top left' repeat='no-repeat' video='' video_ratio='16:9' overlay_opacity='0.5' overlay_color='' overlay_pattern='' overlay_custom_pattern='' custom_arrow_bg='' fold_overlay_color='' fold_text_color='' fold_btn_color='theme-color' fold_btn_bg_color='' fold_btn_font_color='' size-btn-text='' av-desktop-font-size-btn-text='' av-medium-font-size-btn-text='' av-small-font-size-btn-text='' av-mini-font-size-btn-text='' fold_timer='' z_index_fold='' css_position_z_index='' av-desktop-css_position_z_index='' av-medium-css_position_z_index='' av-small-css_position_z_index='' av-mini-css_position_z_index='' id='#contacte' custom_class='' template_class='' aria_label='' av_element_hidden_in_editor='0' av_uid='av-5krr1p' sc_version='1.0']\r\n\r\n[av_one_full first min_height='' vertical_alignment='av-align-top' space='' row_boxshadow_width='10' row_boxshadow_color='' margin='0px' margin_sync='true' av-desktop-margin='' av-desktop-margin_sync='true' av-medium-margin='' av-medium-margin_sync='true' av-small-margin='' av-small-margin_sync='true' av-mini-margin='' av-mini-margin_sync='true' mobile_breaking='' mobile_column_order='' border='' border_style='solid' border_color='' radius='' radius_sync='true' min_col_height='' padding='' padding_sync='true' av-desktop-padding='' av-desktop-padding_sync='true' av-medium-padding='' av-medium-padding_sync='true' av-small-padding='' av-small-padding_sync='true' av-mini-padding='' av-mini-padding_sync='true' svg_div_top='' svg_div_top_color='#333333' svg_div_top_width='100' svg_div_top_height='50' svg_div_top_max_height='none' svg_div_top_opacity='' svg_div_bottom='' svg_div_bottom_color='#333333' svg_div_bottom_width='100' svg_div_bottom_height='50' svg_div_bottom_max_height='none' svg_div_bottom_opacity='' fold_type='' fold_height='' fold_more='Llegir m\u00e9s' fold_less='Read less' fold_text_style='' fold_btn_align='' column_boxshadow_width='10' column_boxshadow_color='' background='bg_color' background_color='' background_gradient_direction='vertical' background_gradient_color1='#000000' background_gradient_color2='#ffffff' background_gradient_color3='' src='' attachment='' attachment_size='' src_dynamic='' background_position='top left' background_repeat='no-repeat' highlight_size='1.1' fold_overlay_color='' fold_text_color='' fold_btn_color='theme-color' fold_btn_bg_color='' fold_btn_font_color='' size-btn-text='' av-desktop-font-size-btn-text='' av-medium-font-size-btn-text='' av-small-font-size-btn-text='' av-mini-font-size-btn-text='' animation='' animation_duration='' animation_custom_bg_color='' animation_z_index_curtain='100' parallax_parallax='' parallax_parallax_speed='' av-desktop-parallax_parallax='' av-desktop-parallax_parallax_speed='' av-medium-parallax_parallax='' av-medium-parallax_parallax_speed='' av-small-parallax_parallax='' av-small-parallax_parallax_speed='' av-mini-parallax_parallax='' av-mini-parallax_parallax_speed='' fold_timer='' z_index_fold='' css_position='' css_position_location=',,,' css_position_z_index='' av-desktop-css_position='' av-desktop-css_position_location=',,,' av-desktop-css_position_z_index='' av-medium-css_position='' av-medium-css_position_location=',,,' av-medium-css_position_z_index='' av-small-css_position='' av-small-css_position_location=',,,' av-small-css_position_z_index='' av-mini-css_position='' av-mini-css_position_location=',,,' av-mini-css_position_z_index='' link='' link_dynamic='' linktarget='' link_hover='' title_attr='' alt_attr='' mobile_display='' mobile_col_pos='0' id='#contacto' custom_class='' template_class='' aria_label='' av_uid='av-5d54h1' sc_version='1.0']\r\n\r\n[av_hr class='invisible' icon_select='yes' icon='star' font='svg_entypo-fontello' position='center' shadow='no-shadow' height='30' custom_border='av-border-thin' custom_width='50px' custom_margin_top='30px' custom_margin_bottom='30px' custom_border_color='' custom_icon_color='' id='' custom_class='' template_class='' av_uid='av-ivnkd' sc_version='1.0' admin_preview_bg='']\r\n\r\n[av_heading heading='Contacta amb nosaltres' tag='h2' style='blockquote modern-quote modern-centered' subheading_active='subheading_above' show_icon='' icon='ue800' font='entypo-fontello' size='' av-desktop-font-size-title='' av-medium-font-size-title='' av-small-font-size-title='' av-mini-font-size-title='' subheading_size='' av-desktop-font-size='' av-medium-font-size='' av-small-font-size='' av-mini-font-size='' icon_size='' av-desktop-font-size-1='' av-medium-font-size-1='' av-small-font-size-1='' av-mini-font-size-1='' color='' custom_font='' subheading_color='' seperator_color='' icon_color='' margin='' margin_sync='true' av-desktop-margin='' av-desktop-margin_sync='true' av-medium-margin='' av-medium-margin_sync='true' av-small-margin='' av-small-margin_sync='true' av-mini-margin='' av-mini-margin_sync='true' headline_padding='' headline_padding_sync='true' av-desktop-headline_padding='' av-desktop-headline_padding_sync='true' av-medium-headline_padding='' av-medium-headline_padding_sync='true' av-small-headline_padding='' av-small-headline_padding_sync='true' av-mini-headline_padding='' av-mini-headline_padding_sync='true' padding='10' av-desktop-padding='' av-medium-padding='' av-small-padding='' av-mini-padding='' icon_padding='10' av-desktop-icon_padding='' av-medium-icon_padding='' av-small-icon_padding='' av-mini-icon_padding='' link='' link_dynamic='' link_target='' title_attr='' id='' custom_class='' template_class='' av_uid='av-5313j9' sc_version='1.0' admin_preview_bg='']\r\n\u00bfHablamos?\r\n[\/av_heading]\r\n\r\n[av_hr class='invisible' icon_select='yes' icon='star' font='svg_entypo-fontello' position='center' shadow='no-shadow' height='30' custom_border='av-border-thin' custom_width='50px' custom_margin_top='30px' custom_margin_bottom='30px' custom_border_color='' custom_icon_color='' id='' custom_class='' template_class='' av_uid='av-4vcxel' sc_version='1.0' admin_preview_bg='']\r\n\r\n[\/av_one_full][av_one_fifth first min_height='' vertical_alignment='' space='' custom_margin='' margin='0px' padding='0px' border='' border_color='' radius='0px' background_color='' src='' background_position='top left' background_repeat='no-repeat' animation='' mobile_display='' av_uid='av-4odvlh']\r\n\r\n[\/av_one_fifth][av_one_fourth min_height='' vertical_alignment='' space='' custom_margin='' margin='0px' padding='0px' border='' border_color='' radius='0px' background_color='' src='' background_position='top left' background_repeat='no-repeat' animation='' mobile_display='' av_uid='av-gdmtp']\r\n\r\n[av_font_icon icon='phone' font='svg_entypo-fontello' style='' caption='' size='40px' position='center' color='' link='' link_dynamic='' linktarget='' title_attr='' sonar_effect_effect='' sonar_effect_color='' sonar_effect_duration='1' sonar_effect_scale='' sonar_effect_opac='0.5' animation='' id='' custom_class='' template_class='' av_uid='av-4glz7h' sc_version='1.0' admin_preview_bg=''][\/av_font_icon]\r\n\r\n[av_textblock fold_type='' fold_height='' fold_more='Llegir m\u00e9s' fold_less='Read less' fold_text_style='' fold_btn_align='' textblock_styling_align='' textblock_styling='' textblock_styling_gap='' textblock_styling_mobile='' size='' av-desktop-font-size='' av-medium-font-size='' av-small-font-size='' av-mini-font-size='' font_color='' color='' fold_overlay_color='' fold_text_color='' fold_btn_color='theme-color' fold_btn_bg_color='' fold_btn_font_color='' size-btn-text='' av-desktop-font-size-btn-text='' av-medium-font-size-btn-text='' av-small-font-size-btn-text='' av-mini-font-size-btn-text='' fold_timer='' z_index_fold='' id='' custom_class='' template_class='' av_uid='av-4a5rn1' sc_version='1.0' admin_preview_bg='']\r\n<p style=\"text-align: center;\"><a href=\"tel:603890819\">603 890 819<\/a><\/p>\r\n[\/av_textblock]\r\n\r\n[\/av_one_fourth][av_one_fourth min_height='' vertical_alignment='' space='' custom_margin='' margin='0px' padding='0px' border='' border_color='' radius='0px' background_color='' src='' background_position='top left' background_repeat='no-repeat' animation='' mobile_display='' av_uid='av-40vigl']\r\n\r\n[av_font_icon icon='mail' font='svg_entypo-fontello' style='' caption='' size='40px' position='center' color='' link='' link_dynamic='' linktarget='' title_attr='' sonar_effect_effect='' sonar_effect_color='' sonar_effect_duration='1' sonar_effect_scale='' sonar_effect_opac='0.5' animation='' id='' custom_class='' template_class='' av_uid='av-3uvlb9' sc_version='1.0' admin_preview_bg=''][\/av_font_icon]\r\n\r\n[av_textblock fold_type='' fold_height='' fold_more='Llegir m\u00e9s' fold_less='Read less' fold_text_style='' fold_btn_align='' textblock_styling_align='' textblock_styling='' textblock_styling_gap='' textblock_styling_mobile='' size='' av-desktop-font-size='' av-medium-font-size='' av-small-font-size='' av-mini-font-size='' font_color='' color='' fold_overlay_color='' fold_text_color='' fold_btn_color='theme-color' fold_btn_bg_color='' fold_btn_font_color='' size-btn-text='' av-desktop-font-size-btn-text='' av-medium-font-size-btn-text='' av-small-font-size-btn-text='' av-mini-font-size-btn-text='' fold_timer='' z_index_fold='' id='' custom_class='' template_class='' av_uid='av-3oksyl' sc_version='1.0' admin_preview_bg='']\r\n<p style=\"text-align: center;\"><a href=\"mailto:carlesseuba@finafilms.com\">carlesseuba@finafilms.com<\/a><\/p>\r\n[\/av_textblock]\r\n\r\n[\/av_one_fourth][av_one_fifth min_height='' vertical_alignment='' space='' custom_margin='' margin='0px' padding='0px' border='' border_color='' radius='0px' background_color='' src='' background_position='top left' background_repeat='no-repeat' animation='' mobile_display='' av_uid='av-344e5p']\r\n\r\n[\/av_one_fifth][av_one_fifth first min_height='' vertical_alignment='' space='' custom_margin='' margin='0px' padding='0px' border='' border_color='' radius='0px' background_color='' src='' background_position='top left' background_repeat='no-repeat' animation='' mobile_display='' av_uid='av-2tys4d']\r\n\r\n[\/av_one_fifth][av_three_fifth min_height='' vertical_alignment='' space='' custom_margin='' margin='0px' padding='0px' border='' border_color='' radius='0px' background_color='' src='' background_position='top left' background_repeat='no-repeat' animation='' mobile_display='' av_uid='av-2qtz5x']\r\n\r\n[av_contact title='' button='Enviar' on_send='' sent='Hem rebut el teu missatge correctament, en breu ens posarem en contacte amb tu.' link='manually,http:\/\/' with_errors='' captcha='recaptcha_v3' captcha_theme='light' captcha_size='normal' captcha_score='0.5' email='info@ergates.net,carlesseuba@finafilms.com' from_email='server@ergatesweb.net' subject='' autoresponder_email='' autoresponder_reply_to='' autoresponder_subject='' autorespond='' autorespond_after='' hide_labels='aviaTBhide_labels' form_align='' color='' heading_tag='' heading_class='' alb_description='' id='' custom_class='' template_class='' aria_label='' av_uid='av-2kxaj1' sc_version='1.0' admin_preview_bg='']\r\n[av_contact_field label='Nombre' type='text' options='' check='is_empty' width='' multi_select='' av_contact_preselect='' av_uid='av-2ezatp' element_display='' headline_tag='h3' sc_version='1.0' date_limit=''][\/av_contact_field]\r\n[av_contact_field type='text' label='Correo electr\u00f3nico' options='' check='is_email' element_display='' width='element_half' headline_tag='h3' av_uid='av-298ns5' sc_version='1.0' multi_select='' date_limit='' av_contact_preselect=''][\/av_contact_field]\r\n[av_contact_field type='text' label='Tel\u00e9fono' options='' check='' element_display='' width='element_half' headline_tag='h3' av_uid='av-20fmz1' sc_version='1.0' multi_select='' date_limit='' av_contact_preselect=''][\/av_contact_field]\r\n[av_contact_field label='Mensaje' type='textarea' options='' check='is_empty' width='' multi_select='' av_contact_preselect='' av_uid='av-1vo7od' element_display='' headline_tag='h3' sc_version='1.0' date_limit=''][\/av_contact_field]\r\n[\/av_contact]\r\n\r\n[\/av_three_fifth][av_one_fifth min_height='' vertical_alignment='' space='' custom_margin='' margin='0px' padding='0px' border='' border_color='' radius='0px' background_color='' src='' background_position='top left' background_repeat='no-repeat' animation='' mobile_display='' av_uid='av-1ock5x']\r\n\r\n[\/av_one_fifth][\/av_section]\n","protected":false},"excerpt":{"rendered":"","protected":false},"author":3,"featured_media":0,"parent":0,"menu_order":0,"comment_status":"closed","ping_status":"closed","template":"","meta":{"footnotes":""},"class_list":["post-966","page","type-page","status-publish","hentry"],"yoast_head":"<!-- This site is optimized with the Yoast SEO plugin v27.0 - https:\/\/yoast.com\/product\/yoast-seo-wordpress\/ -->\n<title>Finafilms, de t\u00fa a t\u00fa - FinaFilms<\/title>\n<meta name=\"robots\" content=\"index, follow, max-snippet:-1, max-image-preview:large, max-video-preview:-1\" \/>\n<link rel=\"canonical\" href=\"https:\/\/finafilms.com\/es\/finafilms-de-tu-a-tu\/\" \/>\n<meta property=\"og:locale\" content=\"es_ES\" \/>\n<meta property=\"og:type\" content=\"article\" \/>\n<meta property=\"og:title\" content=\"Finafilms, de t\u00fa a t\u00fa - FinaFilms\" \/>\n<meta property=\"og:url\" content=\"https:\/\/finafilms.com\/es\/finafilms-de-tu-a-tu\/\" \/>\n<meta property=\"og:site_name\" content=\"FinaFilms\" \/>\n<meta name=\"twitter:card\" content=\"summary_large_image\" \/>\n<meta name=\"twitter:label1\" content=\"Tiempo de lectura\" \/>\n\t<meta name=\"twitter:data1\" content=\"10 minutos\" \/>\n<script type=\"application\/ld+json\" class=\"yoast-schema-graph\">{\"@context\":\"https:\/\/schema.org\",\"@graph\":[{\"@type\":\"WebPage\",\"@id\":\"https:\/\/finafilms.com\/es\/finafilms-de-tu-a-tu\/\",\"url\":\"https:\/\/finafilms.com\/es\/finafilms-de-tu-a-tu\/\",\"name\":\"Finafilms, de t\u00fa a t\u00fa - FinaFilms\",\"isPartOf\":{\"@id\":\"https:\/\/finafilms.com\/es\/#website\"},\"datePublished\":\"2025-12-04T08:16:37+00:00\",\"breadcrumb\":{\"@id\":\"https:\/\/finafilms.com\/es\/finafilms-de-tu-a-tu\/#breadcrumb\"},\"inLanguage\":\"es\",\"potentialAction\":[{\"@type\":\"ReadAction\",\"target\":[\"https:\/\/finafilms.com\/es\/finafilms-de-tu-a-tu\/\"]}]},{\"@type\":\"BreadcrumbList\",\"@id\":\"https:\/\/finafilms.com\/es\/finafilms-de-tu-a-tu\/#breadcrumb\",\"itemListElement\":[{\"@type\":\"ListItem\",\"position\":1,\"name\":\"Inici\",\"item\":\"https:\/\/finafilms.com\/es\/\"},{\"@type\":\"ListItem\",\"position\":2,\"name\":\"Finafilms, de t\u00fa a t\u00fa\"}]},{\"@type\":\"WebSite\",\"@id\":\"https:\/\/finafilms.com\/es\/#website\",\"url\":\"https:\/\/finafilms.com\/es\/\",\"name\":\"FinaFilms\",\"description\":\"Fina films Productora catalana independent de documentals i ficci\u00f3\",\"potentialAction\":[{\"@type\":\"SearchAction\",\"target\":{\"@type\":\"EntryPoint\",\"urlTemplate\":\"https:\/\/finafilms.com\/es\/?s={search_term_string}\"},\"query-input\":{\"@type\":\"PropertyValueSpecification\",\"valueRequired\":true,\"valueName\":\"search_term_string\"}}],\"inLanguage\":\"es\"}]}<\/script>\n<!-- \/ Yoast SEO plugin. -->","yoast_head_json":{"title":"Finafilms, de t\u00fa a t\u00fa - FinaFilms","robots":{"index":"index","follow":"follow","max-snippet":"max-snippet:-1","max-image-preview":"max-image-preview:large","max-video-preview":"max-video-preview:-1"},"canonical":"https:\/\/finafilms.com\/es\/finafilms-de-tu-a-tu\/","og_locale":"es_ES","og_type":"article","og_title":"Finafilms, de t\u00fa a t\u00fa - FinaFilms","og_url":"https:\/\/finafilms.com\/es\/finafilms-de-tu-a-tu\/","og_site_name":"FinaFilms","twitter_card":"summary_large_image","twitter_misc":{"Tiempo de lectura":"10 minutos"},"schema":{"@context":"https:\/\/schema.org","@graph":[{"@type":"WebPage","@id":"https:\/\/finafilms.com\/es\/finafilms-de-tu-a-tu\/","url":"https:\/\/finafilms.com\/es\/finafilms-de-tu-a-tu\/","name":"Finafilms, de t\u00fa a t\u00fa - FinaFilms","isPartOf":{"@id":"https:\/\/finafilms.com\/es\/#website"},"datePublished":"2025-12-04T08:16:37+00:00","breadcrumb":{"@id":"https:\/\/finafilms.com\/es\/finafilms-de-tu-a-tu\/#breadcrumb"},"inLanguage":"es","potentialAction":[{"@type":"ReadAction","target":["https:\/\/finafilms.com\/es\/finafilms-de-tu-a-tu\/"]}]},{"@type":"BreadcrumbList","@id":"https:\/\/finafilms.com\/es\/finafilms-de-tu-a-tu\/#breadcrumb","itemListElement":[{"@type":"ListItem","position":1,"name":"Inici","item":"https:\/\/finafilms.com\/es\/"},{"@type":"ListItem","position":2,"name":"Finafilms, de t\u00fa a t\u00fa"}]},{"@type":"WebSite","@id":"https:\/\/finafilms.com\/es\/#website","url":"https:\/\/finafilms.com\/es\/","name":"FinaFilms","description":"Fina films Productora catalana independent de documentals i ficci\u00f3","potentialAction":[{"@type":"SearchAction","target":{"@type":"EntryPoint","urlTemplate":"https:\/\/finafilms.com\/es\/?s={search_term_string}"},"query-input":{"@type":"PropertyValueSpecification","valueRequired":true,"valueName":"search_term_string"}}],"inLanguage":"es"}]}},"_links":{"self":[{"href":"https:\/\/finafilms.com\/es\/wp-json\/wp\/v2\/pages\/966","targetHints":{"allow":["GET"]}}],"collection":[{"href":"https:\/\/finafilms.com\/es\/wp-json\/wp\/v2\/pages"}],"about":[{"href":"https:\/\/finafilms.com\/es\/wp-json\/wp\/v2\/types\/page"}],"author":[{"embeddable":true,"href":"https:\/\/finafilms.com\/es\/wp-json\/wp\/v2\/users\/3"}],"replies":[{"embeddable":true,"href":"https:\/\/finafilms.com\/es\/wp-json\/wp\/v2\/comments?post=966"}],"version-history":[{"count":0,"href":"https:\/\/finafilms.com\/es\/wp-json\/wp\/v2\/pages\/966\/revisions"}],"wp:attachment":[{"href":"https:\/\/finafilms.com\/es\/wp-json\/wp\/v2\/media?parent=966"}],"curies":[{"name":"wp","href":"https:\/\/api.w.org\/{rel}","templated":true}]}}