{"id":974,"date":"2025-12-04T09:16:38","date_gmt":"2025-12-04T08:16:38","guid":{"rendered":"https:\/\/finafilms.com\/politica-de-privacidad\/"},"modified":"2025-12-04T09:16:38","modified_gmt":"2025-12-04T08:16:38","slug":"politica-de-privacidad","status":"publish","type":"page","link":"https:\/\/finafilms.com\/es\/politica-de-privacidad\/","title":{"rendered":"Pol\u00edtica de privacidad"},"content":{"rendered":"<h1>Pol\u00edtica de privacidad<\/h1>\r\n<p>El presente documento de Tratamiento de Datos Personales tiene por objeto dar a conocer el m\u00e9todo en que se recogen, tratan y protegen los datos de car\u00e1cter personal recogidos a trav\u00e9s del sitio web, con el fin de que los usuarios determinen libre y voluntariamente si desean facilitar los sus datos personales a trav\u00e9s del presente sitio web.<\/p>\r\n<p>El acceso y uso del sitio web, una vez dado el consentimiento expreso marcando la correspondiente casilla por parte del usuario, implica la plena aceptaci\u00f3n del presente documento sobre Tratamiento de Datos Personales y se obliga a cumplir en su totalidad los t\u00e9rminos y condiciones recogidos en el mismo. Por lo tanto, el usuario debe leer atentamente el presente documento en cada una de las ocasiones en que se proponga utilizar el sitio web, y a que este puede tener modificaciones.<\/p>\r\n<p>El presente documento ser\u00e1 v\u00e1lido \u00fanicamente para los datos de car\u00e1cter personal obtenidos desde el sitio web, y no es aplicable para aquella informaci\u00f3n recogida por terceros en otras p\u00e1ginas web, incluso si \u00e9stas se encuentran enlazadas desde este mismo sitio web.<\/p>\r\n<h2>Informaci\u00f3n sobre el tracto de les dades<\/h2>\r\n<h3>\u00bfQui\u00e9n es el responsable del tratamiento de sus datos?<\/h3>\r\n<p>El responsable de los datos es Carles Seuba Capdevila, en adelante LA EMPRESA:<\/p>\r\n<ul>\r\n<li>Su denominaci\u00f3n social es: Carles Seuba Capdevila.<\/li>\r\n<li>Su nombre comercial es: FinaFilms.<\/li>\r\n<li>Su CIF es: 77739333T.<\/li>\r\n<li>Su domicilio social es: Disseminat Can Gairot S\/N, 08610 Avi\u00e0 Barcelona Espanya.<\/li>\r\n<\/ul>\r\n<p>LA EMPRESA le informa que estos datos ser\u00e1n tratados de conformidad con lo dispuesto en las normativas vigentes en protecci\u00f3n de datos personales, el Reglamento (UE) 2016\/679 de 27 de abril de 2016 (RGPD). Por la cual se le facilita la siguiente informaci\u00f3n del tratamiento:<\/p>\r\n<h3>\u00bfCon qu\u00e9 finalidad tratamos sus datos personales?<\/h3>\r\n<p>Tratamos la informaci\u00f3n que nos facilitan los interesados para realizar la prospecci\u00f3n de env\u00edo de comunicaciones comerciales en base al inter\u00e9s demostrado sobre nuestros productos y servicios.<\/p>\r\n<h3>\u00bfPor cu\u00e1nto tiempo conservaremos sus datos?<\/h3>\r\n<p>Los datos se conservar\u00e1n durante 10 a\u00f1os.<\/p>\r\n<h3>\u00bfCu\u00e1l es la legitimaci\u00f3n para el tratamiento de sus datos?<\/h3>\r\n<p>Los datos personales que tratamos en LA EMPRESA proceden del propio interesado, quien ha aceptado el consentimiento t\u00e1cito conforme se pueden utilizar los datos para las finalidades mencionadas.<\/p>\r\n<h3>\u00bfA qui\u00e9n se ceder\u00e1n sus datos?\u00a0\u00a0\u00a0\u00a0\u00a0\u00a0\u00a0\u00a0\u00a0\u00a0\u00a0\u00a0\u00a0\u00a0\u00a0\u00a0\u00a0\u00a0\u00a0\u00a0\u00a0<\/h3>\r\n<p>No se ceder\u00e1n los datos a terceros, salvo en casos de obligaci\u00f3n legal.<\/p>\r\n<h3>\u00bfTransferencias de datos a terceros pa\u00edses?<\/h3>\r\n<p>No est\u00e1n previstas las transferencias de datos a terceros pa\u00edses.<\/p>\r\n<h3>\u00bfCu\u00e1les son sus derechos cuando nos facilita sus datos?<\/h3>\r\n<p>Tiene derecho a obtener confirmaci\u00f3n sobre si en LA EMPRESA estamos tratando datos personales que les conciernan, o no.<\/p>\r\n<p>Los interesados tienen derecho a acceder a sus datos personales, as\u00ed como a solicitar la rectificaci\u00f3n de los datos inexactos o, en su caso, solicitar su supresi\u00f3n cuando, entre otros motivos, los datos ya no sean necesarios para los fines que fueron recogidas.<\/p>\r\n<p>En determinadas circunstancias, los interesados podr\u00e1n solicitar la limitaci\u00f3n del tratamiento de sus datos, en este caso \u00fanicamente los conservaremos para el ejercicio o la defensa de reclamaciones.<\/p>\r\n<p>En determinadas circunstancias y por motivos relacionados con su situaci\u00f3n particular, los interesados podr\u00e1n oponerse al tratamiento de sus datos. En este caso, LA EMPRESA dejar\u00e1 de tratar los datos, excepto por motivos leg\u00edtimos imperiosos, o el ejercicio o la defensa de posibles reclamaciones.<\/p>\r\n<p>Usted podr\u00e1 ejercer materialmente sus derechos de la siguiente manera: Tiene derecho a acceder, rectificar y suprimir los datos, as\u00ed como otros derechos, indicados en la informaci\u00f3n adicional, que puede ejercer dirigi\u00e9ndose a la direcci\u00f3n del responsable del tratamiento.<\/p>\r\n<p>Si ha otorgado su consentimiento para alguna finalidad concreta, tiene derecho a retirar el consentimiento otorgado en cualquier momento, sin que ello afecte a la licitud del tratamiento basado en el consentimiento previo a su retirada.<\/p>\r\n<p>En caso de que sienta vulnerados sus derechos con respecto a la protecci\u00f3n de sus datos personales, especialmente cuando no haya obtenido satisfacci\u00f3n en el ejercicio de sus derechos, puede presentar una reclamaci\u00f3n ante la Autoridad de Control en materia de protecci\u00f3n de datos competente a trav\u00e9s de su sitio web: www.agpd.es.<\/p>\r\n<h3>\u00bfQu\u00e9 datos se guardan en nuestros sistemas?<\/h3>\r\n<p>Las categor\u00edas de datos que se tratan son:<\/p>\r\n<ul>\r\n<li>Datos identificativos.<\/li>\r\n<li>Direcciones postales y electr\u00f3nicas.<\/li>\r\n<li>Informaci\u00f3n comercial.<\/li>\r\n<\/ul>\r\n<p>No se tratan categor\u00edas especiales de datos personales (son aquellos datos que revelen el origen \u00e9tnico o racial, las opiniones pol\u00edticas, las convicciones religiosas o filos\u00f3ficas, o la afiliaci\u00f3n sindical, datos gen\u00e9ticos, datos biom\u00e9tricos dirigidos a identificar de manera un\u00edvoca a una persona f\u00edsica, datos relativos a la salud o datos relativos a la vida sexual o la orientaci\u00f3n sexual de una persona f\u00edsica).<\/p>\n","protected":false},"excerpt":{"rendered":"","protected":false},"author":3,"featured_media":0,"parent":0,"menu_order":0,"comment_status":"closed","ping_status":"closed","template":"","meta":{"footnotes":""},"class_list":["post-974","page","type-page","status-publish","hentry"],"yoast_head":"<!-- This site is optimized with the Yoast SEO plugin v27.0 - https:\/\/yoast.com\/product\/yoast-seo-wordpress\/ -->\n<title>Pol\u00edtica de privacidad - FinaFilms<\/title>\n<meta name=\"robots\" content=\"noindex, nofollow\" \/>\n<meta property=\"og:locale\" content=\"es_ES\" \/>\n<meta property=\"og:type\" content=\"article\" \/>\n<meta property=\"og:title\" content=\"Pol\u00edtica de privacidad - FinaFilms\" \/>\n<meta property=\"og:url\" content=\"https:\/\/finafilms.com\/es\/politica-de-privacidad\/\" \/>\n<meta property=\"og:site_name\" content=\"FinaFilms\" \/>\n<meta name=\"twitter:card\" content=\"summary_large_image\" \/>\n<script type=\"application\/ld+json\" class=\"yoast-schema-graph\">{\"@context\":\"https:\/\/schema.org\",\"@graph\":[{\"@type\":\"WebPage\",\"@id\":\"https:\/\/finafilms.com\/es\/politica-de-privacidad\/\",\"url\":\"https:\/\/finafilms.com\/es\/politica-de-privacidad\/\",\"name\":\"Pol\u00edtica de privacidad - FinaFilms\",\"isPartOf\":{\"@id\":\"https:\/\/finafilms.com\/es\/#website\"},\"datePublished\":\"2025-12-04T08:16:38+00:00\",\"breadcrumb\":{\"@id\":\"https:\/\/finafilms.com\/es\/politica-de-privacidad\/#breadcrumb\"},\"inLanguage\":\"es\",\"potentialAction\":[{\"@type\":\"ReadAction\",\"target\":[\"https:\/\/finafilms.com\/es\/politica-de-privacidad\/\"]}]},{\"@type\":\"BreadcrumbList\",\"@id\":\"https:\/\/finafilms.com\/es\/politica-de-privacidad\/#breadcrumb\",\"itemListElement\":[{\"@type\":\"ListItem\",\"position\":1,\"name\":\"Inici\",\"item\":\"https:\/\/finafilms.com\/es\/\"},{\"@type\":\"ListItem\",\"position\":2,\"name\":\"Pol\u00edtica de privacidad\"}]},{\"@type\":\"WebSite\",\"@id\":\"https:\/\/finafilms.com\/es\/#website\",\"url\":\"https:\/\/finafilms.com\/es\/\",\"name\":\"FinaFilms\",\"description\":\"Fina films Productora catalana independent de documentals i ficci\u00f3\",\"potentialAction\":[{\"@type\":\"SearchAction\",\"target\":{\"@type\":\"EntryPoint\",\"urlTemplate\":\"https:\/\/finafilms.com\/es\/?s={search_term_string}\"},\"query-input\":{\"@type\":\"PropertyValueSpecification\",\"valueRequired\":true,\"valueName\":\"search_term_string\"}}],\"inLanguage\":\"es\"}]}<\/script>\n<!-- \/ Yoast SEO plugin. -->","yoast_head_json":{"title":"Pol\u00edtica de privacidad - FinaFilms","robots":{"index":"noindex","follow":"nofollow"},"og_locale":"es_ES","og_type":"article","og_title":"Pol\u00edtica de privacidad - FinaFilms","og_url":"https:\/\/finafilms.com\/es\/politica-de-privacidad\/","og_site_name":"FinaFilms","twitter_card":"summary_large_image","schema":{"@context":"https:\/\/schema.org","@graph":[{"@type":"WebPage","@id":"https:\/\/finafilms.com\/es\/politica-de-privacidad\/","url":"https:\/\/finafilms.com\/es\/politica-de-privacidad\/","name":"Pol\u00edtica de privacidad - FinaFilms","isPartOf":{"@id":"https:\/\/finafilms.com\/es\/#website"},"datePublished":"2025-12-04T08:16:38+00:00","breadcrumb":{"@id":"https:\/\/finafilms.com\/es\/politica-de-privacidad\/#breadcrumb"},"inLanguage":"es","potentialAction":[{"@type":"ReadAction","target":["https:\/\/finafilms.com\/es\/politica-de-privacidad\/"]}]},{"@type":"BreadcrumbList","@id":"https:\/\/finafilms.com\/es\/politica-de-privacidad\/#breadcrumb","itemListElement":[{"@type":"ListItem","position":1,"name":"Inici","item":"https:\/\/finafilms.com\/es\/"},{"@type":"ListItem","position":2,"name":"Pol\u00edtica de privacidad"}]},{"@type":"WebSite","@id":"https:\/\/finafilms.com\/es\/#website","url":"https:\/\/finafilms.com\/es\/","name":"FinaFilms","description":"Fina films Productora catalana independent de documentals i ficci\u00f3","potentialAction":[{"@type":"SearchAction","target":{"@type":"EntryPoint","urlTemplate":"https:\/\/finafilms.com\/es\/?s={search_term_string}"},"query-input":{"@type":"PropertyValueSpecification","valueRequired":true,"valueName":"search_term_string"}}],"inLanguage":"es"}]}},"_links":{"self":[{"href":"https:\/\/finafilms.com\/es\/wp-json\/wp\/v2\/pages\/974","targetHints":{"allow":["GET"]}}],"collection":[{"href":"https:\/\/finafilms.com\/es\/wp-json\/wp\/v2\/pages"}],"about":[{"href":"https:\/\/finafilms.com\/es\/wp-json\/wp\/v2\/types\/page"}],"author":[{"embeddable":true,"href":"https:\/\/finafilms.com\/es\/wp-json\/wp\/v2\/users\/3"}],"replies":[{"embeddable":true,"href":"https:\/\/finafilms.com\/es\/wp-json\/wp\/v2\/comments?post=974"}],"version-history":[{"count":0,"href":"https:\/\/finafilms.com\/es\/wp-json\/wp\/v2\/pages\/974\/revisions"}],"wp:attachment":[{"href":"https:\/\/finafilms.com\/es\/wp-json\/wp\/v2\/media?parent=974"}],"curies":[{"name":"wp","href":"https:\/\/api.w.org\/{rel}","templated":true}]}}